{"id":11914,"date":"2018-04-11T00:00:46","date_gmt":"2018-04-10T22:00:46","guid":{"rendered":"http:\/\/nad-systems.fr\/?page_id=11914"},"modified":"2022-02-21T15:05:51","modified_gmt":"2022-02-21T14:05:51","slug":"nad-systems","status":"publish","type":"page","link":"https:\/\/www.nad-systems.com\/index.php\/nad-systems\/","title":{"rendered":"Nad Systems"},"content":{"rendered":"<p><div class=\"fusion-fullwidth fullwidth-box fusion-builder-row-1 fusion-flex-container nonhundred-percent-fullwidth non-hundred-percent-height-scrolling\" style=\"background-color: rgba(255,255,255,0);background-position: center center;background-repeat: no-repeat;border-width: 0px 0px 0px 0px;border-color:rgba(97,158,133,0);border-style:solid;\" ><div class=\"fusion-builder-row fusion-row fusion-flex-align-items-flex-start\" style=\"max-width:1216.8px;margin-left: calc(-4% \/ 2 );margin-right: calc(-4% \/ 2 );\"><div class=\"fusion-layout-column fusion_builder_column fusion-builder-column-0 fusion_builder_column_1_1 1_1 fusion-flex-column\"><div class=\"fusion-column-wrapper fusion-flex-justify-content-flex-start fusion-content-layout-column\" style=\"background-position:left top;background-repeat:no-repeat;-webkit-background-size:cover;-moz-background-size:cover;-o-background-size:cover;background-size:cover;padding: 0px 0px 0px 0px;\"><div class=\"fusion-text fusion-text-1\" style=\"color:#0183aa;\"><h1><strong><span style=\"color: #0183aa;\">NAD Systems : l&rsquo;expertise IT au service de vos projets<\/span><\/strong><\/h1>\n<\/div><\/div><style type=\"text\/css\">.fusion-body .fusion-builder-column-0{width:100% !important;margin-top : 0px;margin-bottom : 20px;}.fusion-builder-column-0 > .fusion-column-wrapper {padding-top : 0px !important;padding-right : 0px !important;margin-right : 1.92%;padding-bottom : 0px !important;padding-left : 0px !important;margin-left : 1.92%;}@media only screen and (max-width:1024px) {.fusion-body .fusion-builder-column-0{width:100% !important;order : 0;}.fusion-builder-column-0 > .fusion-column-wrapper {margin-right : 1.92%;margin-left : 1.92%;}}@media only screen and (max-width:640px) {.fusion-body .fusion-builder-column-0{width:100% !important;order : 0;}.fusion-builder-column-0 > .fusion-column-wrapper {margin-right : 1.92%;margin-left : 1.92%;}}<\/style><\/div><\/div><style type=\"text\/css\">.fusion-body .fusion-flex-container.fusion-builder-row-1{ padding-top : 0px;margin-top : 0px;padding-right : 0px;padding-bottom : 0px;margin-bottom : 0px;padding-left : 0px;}<\/style><\/div><div class=\"fusion-fullwidth fullwidth-box fusion-builder-row-2 fusion-flex-container nonhundred-percent-fullwidth non-hundred-percent-height-scrolling\" style=\"background-color: rgba(255,255,255,0);background-position: center center;background-repeat: no-repeat;border-width: 0px 0px 0px 0px;border-color:rgba(97,158,133,0);border-style:solid;\" ><div class=\"fusion-builder-row fusion-row fusion-flex-align-items-flex-start\" style=\"max-width:1216.8px;margin-left: calc(-4% \/ 2 );margin-right: calc(-4% \/ 2 );\"><div class=\"fusion-layout-column fusion_builder_column fusion-builder-column-1 fusion_builder_column_1_1 1_1 fusion-flex-column\"><div class=\"fusion-column-wrapper fusion-flex-justify-content-flex-start fusion-content-layout-column\" style=\"background-position:left top;background-repeat:no-repeat;-webkit-background-size:cover;-moz-background-size:cover;-o-background-size:cover;background-size:cover;padding: 0px 0px 0px 0px;\"><div class=\"fusion-separator fusion-full-width-sep\" style=\"align-self: center;margin-left: auto;margin-right: auto;width:100%;\"><div class=\"fusion-separator-border sep-single sep-solid\" style=\"border-color:#e0e0e0;border-top-width:1px;\"><\/div><\/div><\/div><style type=\"text\/css\">.fusion-body .fusion-builder-column-1{width:100% !important;margin-top : 0px;margin-bottom : 20px;}.fusion-builder-column-1 > .fusion-column-wrapper {padding-top : 0px !important;padding-right : 0px !important;margin-right : 1.92%;padding-bottom : 0px !important;padding-left : 0px !important;margin-left : 1.92%;}@media only screen and (max-width:1024px) {.fusion-body .fusion-builder-column-1{width:100% !important;order : 0;}.fusion-builder-column-1 > .fusion-column-wrapper {margin-right : 1.92%;margin-left : 1.92%;}}@media only screen and (max-width:640px) {.fusion-body .fusion-builder-column-1{width:100% !important;order : 0;}.fusion-builder-column-1 > .fusion-column-wrapper {margin-right : 1.92%;margin-left : 1.92%;}}<\/style><\/div><\/div><style type=\"text\/css\">.fusion-body .fusion-flex-container.fusion-builder-row-2{ padding-top : 0px;margin-top : 0px;padding-right : 0px;padding-bottom : 0px;margin-bottom : 0px;padding-left : 0px;}<\/style><\/div><div class=\"fusion-fullwidth fullwidth-box fusion-builder-row-3 fusion-flex-container nonhundred-percent-fullwidth non-hundred-percent-height-scrolling\" style=\"background-color: rgba(255,255,255,0);background-position: center center;background-repeat: no-repeat;border-width: 0px 0px 0px 0px;border-color:rgba(97,158,133,0);border-style:solid;\" ><div class=\"fusion-builder-row fusion-row fusion-flex-align-items-flex-start\" style=\"max-width:1216.8px;margin-left: calc(-4% \/ 2 );margin-right: calc(-4% \/ 2 );\"><div class=\"fusion-layout-column fusion_builder_column fusion-builder-column-2 fusion_builder_column_2_3 2_3 fusion-flex-column\"><div class=\"fusion-column-wrapper fusion-flex-justify-content-flex-start fusion-content-layout-column\" style=\"background-position:left top;background-repeat:no-repeat;-webkit-background-size:cover;-moz-background-size:cover;-o-background-size:cover;background-size:cover;padding: 0px 0px 0px 0px;\"><div ><span class=\" fusion-imageframe imageframe-none imageframe-1 hover-type-none\"><img width=\"2560\" height=\"1709\" alt=\"Nad Systems\" title=\"Nad Systems\" src=\"http:\/\/nad-systems.fr\/wp-content\/uploads\/2021\/12\/Nad-Systems-scaled.jpg\" class=\"img-responsive wp-image-12376\" srcset=\"https:\/\/nad-systems.fr\/wp-content\/uploads\/2021\/12\/Nad-Systems-200x134.jpg 200w, https:\/\/nad-systems.fr\/wp-content\/uploads\/2021\/12\/Nad-Systems-400x267.jpg 400w, https:\/\/nad-systems.fr\/wp-content\/uploads\/2021\/12\/Nad-Systems-600x401.jpg 600w, https:\/\/nad-systems.fr\/wp-content\/uploads\/2021\/12\/Nad-Systems-800x534.jpg 800w, https:\/\/nad-systems.fr\/wp-content\/uploads\/2021\/12\/Nad-Systems-1200x801.jpg 1200w, https:\/\/nad-systems.fr\/wp-content\/uploads\/2021\/12\/Nad-Systems-scaled.jpg 2560w\" sizes=\"(max-width: 1024px) 100vw, (max-width: 640px) 100vw, 800px\" \/><\/span><\/div><\/div><style type=\"text\/css\">.fusion-body .fusion-builder-column-2{width:66.666666666667% !important;margin-top : 0px;margin-bottom : 20px;}.fusion-builder-column-2 > .fusion-column-wrapper {padding-top : 0px !important;padding-right : 0px !important;margin-right : 2.88%;padding-bottom : 0px !important;padding-left : 0px !important;margin-left : 2.88%;}@media only screen and (max-width:1024px) {.fusion-body .fusion-builder-column-2{width:100% !important;order : 0;}.fusion-builder-column-2 > .fusion-column-wrapper {margin-right : 1.92%;margin-left : 1.92%;}}@media only screen and (max-width:640px) {.fusion-body .fusion-builder-column-2{width:100% !important;order : 0;}.fusion-builder-column-2 > .fusion-column-wrapper {margin-right : 1.92%;margin-left : 1.92%;}}<\/style><\/div><div class=\"fusion-layout-column fusion_builder_column fusion-builder-column-3 fusion_builder_column_1_3 1_3 fusion-flex-column\"><div class=\"fusion-column-wrapper fusion-flex-justify-content-flex-start fusion-content-layout-column\" style=\"background-position:left top;background-repeat:no-repeat;-webkit-background-size:cover;-moz-background-size:cover;-o-background-size:cover;background-size:cover;padding: 0px 0px 0px 0px;\"><div class=\"fusion-text fusion-text-2\" style=\"color:#000000;\"><p style=\"text-align: justify;\">Cr\u00e9\u00e9e en f\u00e9vrier 2002 au c\u0153ur des Alpes, la soci\u00e9t\u00e9 Nad Systems exerce son expertise dans les domaines des syst\u00e8mes &amp; r\u00e9seaux, de l\u2019ing\u00e9nierie informatique et de la gestion de parc.<\/p>\n<p style=\"text-align: justify;\">Par choix strat\u00e9gique Nad Systems reste focalis\u00e9e sur des domaines d\u2019expertise pointus dont elle ma\u00eetrise l\u2019ensemble des param\u00e8tres.<\/p>\n<p style=\"text-align: justify;\">Ceci lui permet de fournir un service de haute qualit\u00e9 \u00e0 ses clients et de faire de leur syst\u00e8me d\u2019information un outil de comp\u00e9titivit\u00e9 efficace et p\u00e9renne.<\/p>\n<\/div><\/div><style type=\"text\/css\">.fusion-body .fusion-builder-column-3{width:33.333333333333% !important;margin-top : 0px;margin-bottom : 20px;}.fusion-builder-column-3 > .fusion-column-wrapper {padding-top : 0px !important;padding-right : 0px !important;margin-right : 5.76%;padding-bottom : 0px !important;padding-left : 0px !important;margin-left : 5.76%;}@media only screen and (max-width:1024px) {.fusion-body .fusion-builder-column-3{width:100% !important;order : 0;}.fusion-builder-column-3 > .fusion-column-wrapper {margin-right : 1.92%;margin-left : 1.92%;}}@media only screen and (max-width:640px) {.fusion-body .fusion-builder-column-3{width:100% !important;order : 0;}.fusion-builder-column-3 > .fusion-column-wrapper {margin-right : 1.92%;margin-left : 1.92%;}}<\/style><\/div><div class=\"fusion-layout-column fusion_builder_column fusion-builder-column-4 fusion_builder_column_1_1 1_1 fusion-flex-column\"><div class=\"fusion-column-wrapper fusion-flex-justify-content-flex-start fusion-content-layout-column\" style=\"background-position:left top;background-repeat:no-repeat;-webkit-background-size:cover;-moz-background-size:cover;-o-background-size:cover;background-size:cover;padding: 0px 0px 0px 0px;\"><div class=\"fusion-text fusion-text-3\" style=\"color:#000000;\"><p style=\"text-align: justify;\">Nad Systems est pr\u00e9sente \u00e0 chaque \u00e9tape d\u2019un projet informatique. La soci\u00e9t\u00e9 est capable de fournir \u00e0 ses clients les mat\u00e9riels, les syst\u00e8mes, les prestations d\u2019ing\u00e9nierie, le support technique, la maintenance et la supervision des plate-formes informatiques d\u00e9ploy\u00e9es.<\/p>\n<p style=\"text-align: justify;\">Nad Systems commercialise le mat\u00e9riel (PC, serveurs, switchs, routeurs, etc.) et les logiciels associ\u00e9s uniquement dans le cadre des projets informatiques conduits par la soci\u00e9t\u00e9.<\/p>\n<p style=\"text-align: justify;\">A ce titre, seuls des mat\u00e9riels de grands constructeurs sont retenus. Leur fiabilit\u00e9 et leur niveau de garantie assurent la p\u00e9rennit\u00e9 des investissements de nos clients.<\/p>\n<\/div><div class=\"fusion-text fusion-text-4\" style=\"font-size:30px;color:#000000;margin-top:30px;\"><h4><strong><span style=\"color: #4eba46;\">Vous avez un projet d&rsquo;\u00e9volution de vos infrastructures ?<\/span><\/strong><\/h4>\n<h4><strong><span style=\"color: #4eba46;\">Vous avez un besoin pour la maintenance de votre syst\u00e8me d&rsquo;information ?<\/span><\/strong><\/h4>\n<h4><strong><span style=\"color: #4eba46;\">Vous souhaitez <\/span><\/strong><strong><span style=\"color: #4eba46;\">simplement <\/span><\/strong><strong><span style=\"color: #4eba46;\">d\u00e9couvrir nos offres ?<\/span><\/strong><\/h4>\n<h4><strong><span style=\"color: #4eba46;\">N&rsquo;h\u00e9sitez pas \u00e0 nous contacter<\/span><\/strong><\/h4>\n<\/div><div style=\"text-align:center;\"><style>.fusion-button.button-1 .fusion-button-text{color:#4eba46;text-transform:none;}.fusion-button.button-1 i{color:#4eba46;}.fusion-button.button-1{border-color:#4eba46;border-width:1px 1px 1px 1px;border-radius:30px 30px 30px 30px;background:#f9fafb;font-family:Arial, Helvetica, sans-serif;font-weight:700;}.fusion-button.button-1:hover .fusion-button-text,.fusion-button.button-1:hover i,.fusion-button.button-1:focus .fusion-button-text,.fusion-button.button-1:focus i,.fusion-button.button-1:active .fusion-button-text,.fusion-button.button-1:active i{color:#ffffff;}.fusion-button.button-1:hover,.fusion-button.button-1:active,.fusion-button.button-1:focus{border-color:#4eba46;border-width:1px 1px 1px 1px;background:#4eba46;}<\/style><a class=\"fusion-button button-flat button-large button-custom button-1 fusion-button-span-no \" target=\"_self\" href=\"https:\/\/www.nad-systems.com\/index.php\/contact\/\" style=\"margin-top:30px;\"><span class=\"fusion-button-text\">Prendre contact<\/span><\/a><\/div><\/div><style type=\"text\/css\">.fusion-body .fusion-builder-column-4{width:100% !important;margin-top : 0px;margin-bottom : 20px;}.fusion-builder-column-4 > .fusion-column-wrapper {padding-top : 0px !important;padding-right : 0px !important;margin-right : 1.92%;padding-bottom : 0px !important;padding-left : 0px !important;margin-left : 1.92%;}@media only screen and (max-width:1024px) {.fusion-body .fusion-builder-column-4{width:100% !important;order : 0;}.fusion-builder-column-4 > .fusion-column-wrapper {margin-right : 1.92%;margin-left : 1.92%;}}@media only screen and (max-width:640px) {.fusion-body .fusion-builder-column-4{width:100% !important;order : 0;}.fusion-builder-column-4 > .fusion-column-wrapper {margin-right : 1.92%;margin-left : 1.92%;}}<\/style><\/div><\/div><style type=\"text\/css\">.fusion-body .fusion-flex-container.fusion-builder-row-3{ padding-top : 0px;margin-top : 0px;padding-right : 0px;padding-bottom : 0px;margin-bottom : 0px;padding-left : 0px;}<\/style><\/div><\/p>\n","protected":false},"excerpt":{"rendered":"","protected":false},"author":1,"featured_media":0,"parent":0,"menu_order":0,"comment_status":"closed","ping_status":"closed","template":"","meta":[],"_links":{"self":[{"href":"https:\/\/www.nad-systems.com\/index.php\/wp-json\/wp\/v2\/pages\/11914"}],"collection":[{"href":"https:\/\/www.nad-systems.com\/index.php\/wp-json\/wp\/v2\/pages"}],"about":[{"href":"https:\/\/www.nad-systems.com\/index.php\/wp-json\/wp\/v2\/types\/page"}],"author":[{"embeddable":true,"href":"https:\/\/www.nad-systems.com\/index.php\/wp-json\/wp\/v2\/users\/1"}],"replies":[{"embeddable":true,"href":"https:\/\/www.nad-systems.com\/index.php\/wp-json\/wp\/v2\/comments?post=11914"}],"version-history":[{"count":10,"href":"https:\/\/www.nad-systems.com\/index.php\/wp-json\/wp\/v2\/pages\/11914\/revisions"}],"predecessor-version":[{"id":12525,"href":"https:\/\/www.nad-systems.com\/index.php\/wp-json\/wp\/v2\/pages\/11914\/revisions\/12525"}],"wp:attachment":[{"href":"https:\/\/www.nad-systems.com\/index.php\/wp-json\/wp\/v2\/media?parent=11914"}],"curies":[{"name":"wp","href":"https:\/\/api.w.org\/{rel}","templated":true}]}}