{"id":12402,"date":"2022-01-17T20:27:20","date_gmt":"2022-01-17T19:27:20","guid":{"rendered":"http:\/\/www.nad-systems.com\/?page_id=12402"},"modified":"2022-03-21T16:03:18","modified_gmt":"2022-03-21T15:03:18","slug":"infrastructures","status":"publish","type":"page","link":"https:\/\/www.nad-systems.com\/index.php\/infrastructures\/","title":{"rendered":"Infrastructures"},"content":{"rendered":"<p><div class=\"fusion-fullwidth fullwidth-box fusion-builder-row-1 fusion-flex-container nonhundred-percent-fullwidth non-hundred-percent-height-scrolling\" style=\"background-color: rgba(255,255,255,0);background-position: center center;background-repeat: no-repeat;border-width: 0px 0px 0px 0px;border-color:rgba(97,158,133,0);border-style:solid;\" ><div class=\"fusion-builder-row fusion-row fusion-flex-align-items-flex-start\" style=\"max-width:1216.8px;margin-left: calc(-4% \/ 2 );margin-right: calc(-4% \/ 2 );\"><div class=\"fusion-layout-column fusion_builder_column fusion-builder-column-0 fusion_builder_column_1_1 1_1 fusion-flex-column\"><div class=\"fusion-column-wrapper fusion-flex-justify-content-flex-start fusion-content-layout-column\" style=\"background-position:left top;background-repeat:no-repeat;-webkit-background-size:cover;-moz-background-size:cover;-o-background-size:cover;background-size:cover;padding: 0px 0px 0px 0px;\"><div class=\"fusion-text fusion-text-1\" style=\"color:#0183aa;\"><h1><strong><span style=\"color: #0183aa;\">Infrastructures<\/span><\/strong><\/h1>\n<\/div><\/div><style type=\"text\/css\">.fusion-body .fusion-builder-column-0{width:100% !important;margin-top : 0px;margin-bottom : 20px;}.fusion-builder-column-0 > .fusion-column-wrapper {padding-top : 0px !important;padding-right : 0px !important;margin-right : 1.92%;padding-bottom : 0px !important;padding-left : 0px !important;margin-left : 1.92%;}@media only screen and (max-width:1024px) {.fusion-body .fusion-builder-column-0{width:100% !important;order : 0;}.fusion-builder-column-0 > .fusion-column-wrapper {margin-right : 1.92%;margin-left : 1.92%;}}@media only screen and (max-width:640px) {.fusion-body .fusion-builder-column-0{width:100% !important;order : 0;}.fusion-builder-column-0 > .fusion-column-wrapper {margin-right : 1.92%;margin-left : 1.92%;}}<\/style><\/div><\/div><style type=\"text\/css\">.fusion-body .fusion-flex-container.fusion-builder-row-1{ padding-top : 0px;margin-top : 0px;padding-right : 0px;padding-bottom : 0px;margin-bottom : 0px;padding-left : 0px;}<\/style><\/div><div class=\"fusion-fullwidth fullwidth-box fusion-builder-row-2 fusion-flex-container nonhundred-percent-fullwidth non-hundred-percent-height-scrolling\" style=\"background-color: rgba(255,255,255,0);background-position: center center;background-repeat: no-repeat;border-width: 0px 0px 0px 0px;border-color:rgba(97,158,133,0);border-style:solid;\" ><div class=\"fusion-builder-row fusion-row fusion-flex-align-items-flex-start\" style=\"max-width:1216.8px;margin-left: calc(-4% \/ 2 );margin-right: calc(-4% \/ 2 );\"><div class=\"fusion-layout-column fusion_builder_column fusion-builder-column-1 fusion_builder_column_1_1 1_1 fusion-flex-column\"><div class=\"fusion-column-wrapper fusion-flex-justify-content-flex-start fusion-content-layout-column\" style=\"background-position:left top;background-repeat:no-repeat;-webkit-background-size:cover;-moz-background-size:cover;-o-background-size:cover;background-size:cover;padding: 0px 0px 0px 0px;\"><div class=\"fusion-separator fusion-full-width-sep\" style=\"align-self: center;margin-left: auto;margin-right: auto;width:100%;\"><div class=\"fusion-separator-border sep-single sep-solid\" style=\"border-color:#e0e0e0;border-top-width:1px;\"><\/div><\/div><\/div><style type=\"text\/css\">.fusion-body .fusion-builder-column-1{width:100% !important;margin-top : 0px;margin-bottom : 20px;}.fusion-builder-column-1 > .fusion-column-wrapper {padding-top : 0px !important;padding-right : 0px !important;margin-right : 1.92%;padding-bottom : 0px !important;padding-left : 0px !important;margin-left : 1.92%;}@media only screen and (max-width:1024px) {.fusion-body .fusion-builder-column-1{width:100% !important;order : 0;}.fusion-builder-column-1 > .fusion-column-wrapper {margin-right : 1.92%;margin-left : 1.92%;}}@media only screen and (max-width:640px) {.fusion-body .fusion-builder-column-1{width:100% !important;order : 0;}.fusion-builder-column-1 > .fusion-column-wrapper {margin-right : 1.92%;margin-left : 1.92%;}}<\/style><\/div><\/div><style type=\"text\/css\">.fusion-body .fusion-flex-container.fusion-builder-row-2{ padding-top : 0px;margin-top : 0px;padding-right : 0px;padding-bottom : 0px;margin-bottom : 0px;padding-left : 0px;}<\/style><\/div><div class=\"fusion-fullwidth fullwidth-box fusion-builder-row-3 fusion-flex-container nonhundred-percent-fullwidth non-hundred-percent-height-scrolling\" style=\"background-color: rgba(255,255,255,0);background-position: center center;background-repeat: no-repeat;border-width: 0px 0px 0px 0px;border-color:rgba(97,158,133,0);border-style:solid;\" ><div class=\"fusion-builder-row fusion-row fusion-flex-align-items-flex-start\" style=\"max-width:1216.8px;margin-left: calc(-4% \/ 2 );margin-right: calc(-4% \/ 2 );\"><div class=\"fusion-layout-column fusion_builder_column fusion-builder-column-2 fusion_builder_column_2_5 2_5 fusion-flex-column\"><div class=\"fusion-column-wrapper fusion-flex-justify-content-flex-start fusion-content-layout-column\" style=\"background-position:left top;background-repeat:no-repeat;-webkit-background-size:cover;-moz-background-size:cover;-o-background-size:cover;background-size:cover;padding: 0px 0px 0px 0px;\"><div ><span class=\" fusion-imageframe imageframe-none imageframe-1 hover-type-none\"><img width=\"2560\" height=\"1703\" alt=\"Nad Systems Infrastructures\" title=\"Nad Systems Infrastructures\" src=\"http:\/\/nad-systems.fr\/wp-content\/uploads\/2022\/01\/Nad-Systems-Infrastructures-scaled.jpg\" class=\"img-responsive wp-image-12398\" srcset=\"https:\/\/nad-systems.fr\/wp-content\/uploads\/2022\/01\/Nad-Systems-Infrastructures-200x133.jpg 200w, https:\/\/nad-systems.fr\/wp-content\/uploads\/2022\/01\/Nad-Systems-Infrastructures-400x266.jpg 400w, https:\/\/nad-systems.fr\/wp-content\/uploads\/2022\/01\/Nad-Systems-Infrastructures-600x399.jpg 600w, https:\/\/nad-systems.fr\/wp-content\/uploads\/2022\/01\/Nad-Systems-Infrastructures-800x532.jpg 800w, https:\/\/nad-systems.fr\/wp-content\/uploads\/2022\/01\/Nad-Systems-Infrastructures-1200x798.jpg 1200w, https:\/\/nad-systems.fr\/wp-content\/uploads\/2022\/01\/Nad-Systems-Infrastructures-scaled.jpg 2560w\" sizes=\"(max-width: 1024px) 100vw, (max-width: 640px) 100vw, 600px\" \/><\/span><\/div><\/div><style type=\"text\/css\">.fusion-body .fusion-builder-column-2{width:40% !important;margin-top : 0px;margin-bottom : 20px;}.fusion-builder-column-2 > .fusion-column-wrapper {padding-top : 0px !important;padding-right : 0px !important;margin-right : 4.8%;padding-bottom : 0px !important;padding-left : 0px !important;margin-left : 4.8%;}@media only screen and (max-width:1024px) {.fusion-body .fusion-builder-column-2{width:100% !important;order : 0;}.fusion-builder-column-2 > .fusion-column-wrapper {margin-right : 1.92%;margin-left : 1.92%;}}@media only screen and (max-width:640px) {.fusion-body .fusion-builder-column-2{width:100% !important;order : 0;}.fusion-builder-column-2 > .fusion-column-wrapper {margin-right : 1.92%;margin-left : 1.92%;}}<\/style><\/div><div class=\"fusion-layout-column fusion_builder_column fusion-builder-column-3 fusion_builder_column_3_5 3_5 fusion-flex-column\"><div class=\"fusion-column-wrapper fusion-flex-justify-content-flex-start fusion-content-layout-column\" style=\"background-position:left top;background-repeat:no-repeat;-webkit-background-size:cover;-moz-background-size:cover;-o-background-size:cover;background-size:cover;padding: 0px 0px 0px 0px;\"><div class=\"fusion-text fusion-text-2\" style=\"color:#000000;\"><p style=\"text-align: justify;\">L\u2019infrastructure IT fait r\u00e9f\u00e9rence aux diff\u00e9rents composants n\u00e9cessaires au fonctionnement du syst\u00e8me d\u2019information d\u2019une entreprise, et en particulier les \u00e9quipements mat\u00e9riels (ordinateurs, serveurs, routeurs, hubs, bornes WiFi, c\u00e2blages r\u00e9seaux, salles informatiques, etc.). Cette infrastructure peut \u00eatre on-premises (d\u00e9ploy\u00e9e au sein des b\u00e2timents de l\u2019entreprise), dans le cloud ou hybride.<\/p>\n<p style=\"text-align: justify;\">Nad Systems con\u00e7oit et d\u00e9ploie les infrastructures de ses clients, en adaptant chaque composant aux besoins pr\u00e9sents et futurs : dimensionnement des volumes de stockage de donn\u00e9es, choix des types de r\u00e9seaux (filaires, WiFi, fibre optique, etc.), s\u00e9curisation des communications r\u00e9seaux, virtualisation, etc.<\/p>\n<\/div><\/div><style type=\"text\/css\">.fusion-body .fusion-builder-column-3{width:60% !important;margin-top : 0px;margin-bottom : 20px;}.fusion-builder-column-3 > .fusion-column-wrapper {padding-top : 0px !important;padding-right : 0px !important;margin-right : 3.2%;padding-bottom : 0px !important;padding-left : 0px !important;margin-left : 3.2%;}@media only screen and (max-width:1024px) {.fusion-body .fusion-builder-column-3{width:100% !important;order : 0;}.fusion-builder-column-3 > .fusion-column-wrapper {margin-right : 1.92%;margin-left : 1.92%;}}@media only screen and (max-width:640px) {.fusion-body .fusion-builder-column-3{width:100% !important;order : 0;}.fusion-builder-column-3 > .fusion-column-wrapper {margin-right : 1.92%;margin-left : 1.92%;}}<\/style><\/div><div class=\"fusion-layout-column fusion_builder_column fusion-builder-column-4 fusion_builder_column_3_5 3_5 fusion-flex-column\"><div class=\"fusion-column-wrapper fusion-flex-justify-content-flex-start fusion-content-layout-column\" style=\"background-position:left top;background-repeat:no-repeat;-webkit-background-size:cover;-moz-background-size:cover;-o-background-size:cover;background-size:cover;padding: 0px 0px 0px 0px;\"><div class=\"fusion-text fusion-text-3\" style=\"color:#000000;\"><p style=\"text-align: justify;\">Nad Systems accompagne ses clients dans la r\u00e9flexion amont \u00e0 tout projet de d\u00e9ploiement ou d&rsquo;\u00e9volution d&rsquo;infrastructure. Nous apportons les conseils et recommandations n\u00e9cessaires \u00e0 une prise de d\u00e9cision \u00e9clair\u00e9e, dans une optique de p\u00e9rennisation des investissements r\u00e9alis\u00e9s.<\/p>\n<p style=\"text-align: justify;\">Les infrastructures que nous d\u00e9ployons int\u00e8grent les mat\u00e9riels de constructeurs reconnus pour leur fiabilit\u00e9 et pour la qualit\u00e9 de leurs solutions.<\/p>\n<\/div><div class=\"fusion-text fusion-text-4\" style=\"font-size:30px;color:#000000;margin-top:30px;\"><h4><strong><span style=\"color: #4eba46;\">Vous avez un projet d&rsquo;\u00e9volution de vos infrastructures ?<\/span><\/strong><\/h4>\n<h4><strong><span style=\"color: #4eba46;\">Vous souhaitez d\u00e9couvrir nos offres ?<\/span><\/strong><\/h4>\n<h4><strong><span style=\"color: #4eba46;\">N&rsquo;h\u00e9sitez pas \u00e0 nous contacter<\/span><\/strong><\/h4>\n<\/div><div style=\"text-align:center;\"><style>.fusion-button.button-1 .fusion-button-text{color:#4eba46;text-transform:none;}.fusion-button.button-1 i{color:#4eba46;}.fusion-button.button-1{border-color:#4eba46;border-width:1px 1px 1px 1px;border-radius:30px 30px 30px 30px;background:#f9fafb;font-family:Arial, Helvetica, sans-serif;font-weight:700;}.fusion-button.button-1:hover .fusion-button-text,.fusion-button.button-1:hover i,.fusion-button.button-1:focus .fusion-button-text,.fusion-button.button-1:focus i,.fusion-button.button-1:active .fusion-button-text,.fusion-button.button-1:active i{color:#ffffff;}.fusion-button.button-1:hover,.fusion-button.button-1:active,.fusion-button.button-1:focus{border-color:#4eba46;border-width:1px 1px 1px 1px;background:#4eba46;}<\/style><a class=\"fusion-button button-flat button-large button-custom button-1 fusion-button-span-no \" target=\"_self\" href=\"https:\/\/www.nad-systems.com\/index.php\/contact\/\" style=\"margin-top:30px;\"><span class=\"fusion-button-text\">Prendre contact<\/span><\/a><\/div><\/div><style type=\"text\/css\">.fusion-body .fusion-builder-column-4{width:60% !important;margin-top : 0px;margin-bottom : 20px;}.fusion-builder-column-4 > .fusion-column-wrapper {padding-top : 0px !important;padding-right : 0px !important;margin-right : 3.2%;padding-bottom : 0px !important;padding-left : 0px !important;margin-left : 3.2%;}@media only screen and (max-width:1024px) {.fusion-body .fusion-builder-column-4{width:100% !important;order : 0;}.fusion-builder-column-4 > .fusion-column-wrapper {margin-right : 1.92%;margin-left : 1.92%;}}@media only screen and (max-width:640px) {.fusion-body .fusion-builder-column-4{width:100% !important;order : 0;}.fusion-builder-column-4 > .fusion-column-wrapper {margin-right : 1.92%;margin-left : 1.92%;}}<\/style><\/div><div class=\"fusion-layout-column fusion_builder_column fusion-builder-column-5 fusion_builder_column_2_5 2_5 fusion-flex-column\"><div class=\"fusion-column-wrapper fusion-flex-justify-content-flex-start fusion-content-layout-column\" style=\"background-position:left top;background-repeat:no-repeat;-webkit-background-size:cover;-moz-background-size:cover;-o-background-size:cover;background-size:cover;padding: 0px 0px 0px 0px;\"><div ><span class=\" fusion-imageframe imageframe-none imageframe-2 hover-type-none\"><img width=\"1704\" height=\"2560\" alt=\"Nad Systems Infrastructures\" title=\"Nad Systems Infrastructures\" src=\"http:\/\/nad-systems.fr\/wp-content\/uploads\/2021\/11\/Nad-Systems-Equipements-scaled.jpg\" class=\"img-responsive wp-image-12354\" srcset=\"https:\/\/nad-systems.fr\/wp-content\/uploads\/2021\/11\/Nad-Systems-Equipements-200x301.jpg 200w, https:\/\/nad-systems.fr\/wp-content\/uploads\/2021\/11\/Nad-Systems-Equipements-400x601.jpg 400w, https:\/\/nad-systems.fr\/wp-content\/uploads\/2021\/11\/Nad-Systems-Equipements-600x902.jpg 600w, https:\/\/nad-systems.fr\/wp-content\/uploads\/2021\/11\/Nad-Systems-Equipements-800x1202.jpg 800w, https:\/\/nad-systems.fr\/wp-content\/uploads\/2021\/11\/Nad-Systems-Equipements-1200x1803.jpg 1200w, https:\/\/nad-systems.fr\/wp-content\/uploads\/2021\/11\/Nad-Systems-Equipements-scaled.jpg 1704w\" sizes=\"(max-width: 1024px) 100vw, (max-width: 640px) 100vw, 600px\" \/><\/span><\/div><\/div><style type=\"text\/css\">.fusion-body .fusion-builder-column-5{width:40% !important;margin-top : 0px;margin-bottom : 20px;}.fusion-builder-column-5 > .fusion-column-wrapper {padding-top : 0px !important;padding-right : 0px !important;margin-right : 4.8%;padding-bottom : 0px !important;padding-left : 0px !important;margin-left : 4.8%;}@media only screen and (max-width:1024px) {.fusion-body .fusion-builder-column-5{width:100% !important;order : 0;}.fusion-builder-column-5 > .fusion-column-wrapper {margin-right : 1.92%;margin-left : 1.92%;}}@media only screen and (max-width:640px) {.fusion-body .fusion-builder-column-5{width:100% !important;order : 0;}.fusion-builder-column-5 > .fusion-column-wrapper {margin-right : 1.92%;margin-left : 1.92%;}}<\/style><\/div><\/div><style type=\"text\/css\">.fusion-body .fusion-flex-container.fusion-builder-row-3{ padding-top : 0px;margin-top : 0px;padding-right : 0px;padding-bottom : 0px;margin-bottom : 0px;padding-left : 0px;}<\/style><\/div><\/p>\n","protected":false},"excerpt":{"rendered":"","protected":false},"author":1,"featured_media":0,"parent":0,"menu_order":0,"comment_status":"closed","ping_status":"closed","template":"","meta":[],"_links":{"self":[{"href":"https:\/\/www.nad-systems.com\/index.php\/wp-json\/wp\/v2\/pages\/12402"}],"collection":[{"href":"https:\/\/www.nad-systems.com\/index.php\/wp-json\/wp\/v2\/pages"}],"about":[{"href":"https:\/\/www.nad-systems.com\/index.php\/wp-json\/wp\/v2\/types\/page"}],"author":[{"embeddable":true,"href":"https:\/\/www.nad-systems.com\/index.php\/wp-json\/wp\/v2\/users\/1"}],"replies":[{"embeddable":true,"href":"https:\/\/www.nad-systems.com\/index.php\/wp-json\/wp\/v2\/comments?post=12402"}],"version-history":[{"count":15,"href":"https:\/\/www.nad-systems.com\/index.php\/wp-json\/wp\/v2\/pages\/12402\/revisions"}],"predecessor-version":[{"id":12539,"href":"https:\/\/www.nad-systems.com\/index.php\/wp-json\/wp\/v2\/pages\/12402\/revisions\/12539"}],"wp:attachment":[{"href":"https:\/\/www.nad-systems.com\/index.php\/wp-json\/wp\/v2\/media?parent=12402"}],"curies":[{"name":"wp","href":"https:\/\/api.w.org\/{rel}","templated":true}]}}