{"id":12419,"date":"2022-01-18T10:41:16","date_gmt":"2022-01-18T09:41:16","guid":{"rendered":"http:\/\/www.nad-systems.com\/?page_id=12419"},"modified":"2022-03-21T15:59:46","modified_gmt":"2022-03-21T14:59:46","slug":"systemes-et-reseaux","status":"publish","type":"page","link":"https:\/\/www.nad-systems.com\/index.php\/systemes-et-reseaux\/","title":{"rendered":"Syst\u00e8mes &#038; R\u00e9seaux"},"content":{"rendered":"<p><div class=\"fusion-fullwidth fullwidth-box fusion-builder-row-1 fusion-flex-container nonhundred-percent-fullwidth non-hundred-percent-height-scrolling\" style=\"background-color: rgba(255,255,255,0);background-position: center center;background-repeat: no-repeat;border-width: 0px 0px 0px 0px;border-color:rgba(97,158,133,0);border-style:solid;\" ><div class=\"fusion-builder-row fusion-row fusion-flex-align-items-flex-start\" style=\"max-width:1216.8px;margin-left: calc(-4% \/ 2 );margin-right: calc(-4% \/ 2 );\"><div class=\"fusion-layout-column fusion_builder_column fusion-builder-column-0 fusion_builder_column_1_1 1_1 fusion-flex-column\"><div class=\"fusion-column-wrapper fusion-flex-justify-content-flex-start fusion-content-layout-column\" style=\"background-position:left top;background-repeat:no-repeat;-webkit-background-size:cover;-moz-background-size:cover;-o-background-size:cover;background-size:cover;padding: 0px 0px 0px 0px;\"><div class=\"fusion-text fusion-text-1\" style=\"color:#0183aa;\"><h1><strong><span style=\"color: #0183aa;\">Syst\u00e8mes &amp; R\u00e9seaux<\/span><\/strong><\/h1>\n<\/div><\/div><style type=\"text\/css\">.fusion-body .fusion-builder-column-0{width:100% !important;margin-top : 0px;margin-bottom : 20px;}.fusion-builder-column-0 > .fusion-column-wrapper {padding-top : 0px !important;padding-right : 0px !important;margin-right : 1.92%;padding-bottom : 0px !important;padding-left : 0px !important;margin-left : 1.92%;}@media only screen and (max-width:1024px) {.fusion-body .fusion-builder-column-0{width:100% !important;order : 0;}.fusion-builder-column-0 > .fusion-column-wrapper {margin-right : 1.92%;margin-left : 1.92%;}}@media only screen and (max-width:640px) {.fusion-body .fusion-builder-column-0{width:100% !important;order : 0;}.fusion-builder-column-0 > .fusion-column-wrapper {margin-right : 1.92%;margin-left : 1.92%;}}<\/style><\/div><\/div><style type=\"text\/css\">.fusion-body .fusion-flex-container.fusion-builder-row-1{ padding-top : 0px;margin-top : 0px;padding-right : 0px;padding-bottom : 0px;margin-bottom : 0px;padding-left : 0px;}<\/style><\/div><div class=\"fusion-fullwidth fullwidth-box fusion-builder-row-2 fusion-flex-container nonhundred-percent-fullwidth non-hundred-percent-height-scrolling\" style=\"background-color: rgba(255,255,255,0);background-position: center center;background-repeat: no-repeat;border-width: 0px 0px 0px 0px;border-color:rgba(97,158,133,0);border-style:solid;\" ><div class=\"fusion-builder-row fusion-row fusion-flex-align-items-flex-start\" style=\"max-width:1216.8px;margin-left: calc(-4% \/ 2 );margin-right: calc(-4% \/ 2 );\"><div class=\"fusion-layout-column fusion_builder_column fusion-builder-column-1 fusion_builder_column_1_1 1_1 fusion-flex-column\"><div class=\"fusion-column-wrapper fusion-flex-justify-content-flex-start fusion-content-layout-column\" style=\"background-position:left top;background-repeat:no-repeat;-webkit-background-size:cover;-moz-background-size:cover;-o-background-size:cover;background-size:cover;padding: 0px 0px 0px 0px;\"><div class=\"fusion-separator fusion-full-width-sep\" style=\"align-self: center;margin-left: auto;margin-right: auto;width:100%;\"><div class=\"fusion-separator-border sep-single sep-solid\" style=\"border-color:#e0e0e0;border-top-width:1px;\"><\/div><\/div><\/div><style type=\"text\/css\">.fusion-body .fusion-builder-column-1{width:100% !important;margin-top : 0px;margin-bottom : 20px;}.fusion-builder-column-1 > .fusion-column-wrapper {padding-top : 0px !important;padding-right : 0px !important;margin-right : 1.92%;padding-bottom : 0px !important;padding-left : 0px !important;margin-left : 1.92%;}@media only screen and (max-width:1024px) {.fusion-body .fusion-builder-column-1{width:100% !important;order : 0;}.fusion-builder-column-1 > .fusion-column-wrapper {margin-right : 1.92%;margin-left : 1.92%;}}@media only screen and (max-width:640px) {.fusion-body .fusion-builder-column-1{width:100% !important;order : 0;}.fusion-builder-column-1 > .fusion-column-wrapper {margin-right : 1.92%;margin-left : 1.92%;}}<\/style><\/div><\/div><style type=\"text\/css\">.fusion-body .fusion-flex-container.fusion-builder-row-2{ padding-top : 0px;margin-top : 0px;padding-right : 0px;padding-bottom : 0px;margin-bottom : 0px;padding-left : 0px;}<\/style><\/div><div class=\"fusion-fullwidth fullwidth-box fusion-builder-row-3 fusion-flex-container nonhundred-percent-fullwidth non-hundred-percent-height-scrolling\" style=\"background-color: rgba(255,255,255,0);background-position: center center;background-repeat: no-repeat;border-width: 0px 0px 0px 0px;border-color:rgba(97,158,133,0);border-style:solid;\" ><div class=\"fusion-builder-row fusion-row fusion-flex-align-items-flex-start\" style=\"max-width:1216.8px;margin-left: calc(-4% \/ 2 );margin-right: calc(-4% \/ 2 );\"><div class=\"fusion-layout-column fusion_builder_column fusion-builder-column-2 fusion_builder_column_2_5 2_5 fusion-flex-column\"><div class=\"fusion-column-wrapper fusion-flex-justify-content-flex-start fusion-content-layout-column\" style=\"background-position:left top;background-repeat:no-repeat;-webkit-background-size:cover;-moz-background-size:cover;-o-background-size:cover;background-size:cover;padding: 0px 0px 0px 0px;\"><div ><span class=\" fusion-imageframe imageframe-none imageframe-1 hover-type-none\"><img width=\"2560\" height=\"1707\" alt=\"Nad Systems R\u00e9seaux\" title=\"Nad Systems R\u00e9seaux\" src=\"http:\/\/nad-systems.fr\/wp-content\/uploads\/2022\/01\/Nad-Systems-Reseaux-scaled.jpg\" class=\"img-responsive wp-image-12444\" srcset=\"https:\/\/nad-systems.fr\/wp-content\/uploads\/2022\/01\/Nad-Systems-Reseaux-200x133.jpg 200w, https:\/\/nad-systems.fr\/wp-content\/uploads\/2022\/01\/Nad-Systems-Reseaux-400x267.jpg 400w, https:\/\/nad-systems.fr\/wp-content\/uploads\/2022\/01\/Nad-Systems-Reseaux-600x400.jpg 600w, https:\/\/nad-systems.fr\/wp-content\/uploads\/2022\/01\/Nad-Systems-Reseaux-800x533.jpg 800w, https:\/\/nad-systems.fr\/wp-content\/uploads\/2022\/01\/Nad-Systems-Reseaux-1200x800.jpg 1200w, https:\/\/nad-systems.fr\/wp-content\/uploads\/2022\/01\/Nad-Systems-Reseaux-scaled.jpg 2560w\" sizes=\"(max-width: 1024px) 100vw, (max-width: 640px) 100vw, 600px\" \/><\/span><\/div><\/div><style type=\"text\/css\">.fusion-body .fusion-builder-column-2{width:40% !important;margin-top : 0px;margin-bottom : 20px;}.fusion-builder-column-2 > .fusion-column-wrapper {padding-top : 0px !important;padding-right : 0px !important;margin-right : 4.8%;padding-bottom : 0px !important;padding-left : 0px !important;margin-left : 4.8%;}@media only screen and (max-width:1024px) {.fusion-body .fusion-builder-column-2{width:100% !important;order : 0;}.fusion-builder-column-2 > .fusion-column-wrapper {margin-right : 1.92%;margin-left : 1.92%;}}@media only screen and (max-width:640px) {.fusion-body .fusion-builder-column-2{width:100% !important;order : 0;}.fusion-builder-column-2 > .fusion-column-wrapper {margin-right : 1.92%;margin-left : 1.92%;}}<\/style><\/div><div class=\"fusion-layout-column fusion_builder_column fusion-builder-column-3 fusion_builder_column_3_5 3_5 fusion-flex-column\"><div class=\"fusion-column-wrapper fusion-flex-justify-content-flex-start fusion-content-layout-column\" style=\"background-position:left top;background-repeat:no-repeat;-webkit-background-size:cover;-moz-background-size:cover;-o-background-size:cover;background-size:cover;padding: 0px 0px 0px 0px;\"><div class=\"fusion-text fusion-text-2\" style=\"color:#000000;\"><p style=\"text-align: justify;\">La qualit\u00e9 des architectures &amp; Infrastructures Syst\u00e8mes &amp; R\u00e9seaux sont primordiales au fonctionnement optimal des communications informatiques au sein des entreprises. Les \u00e9changes \u00e9lectroniques, l&rsquo;acc\u00e8s \u00e0 internet, le recours au cloud, la messagerie \u00e9lectronique, etc. reposent sur une architecture syst\u00e8mes et r\u00e9seaux optimis\u00e9e, fiable et conforme aux normes internationales et \u00e0 l&rsquo;\u00e9tat de l&rsquo;art.<\/p>\n<p style=\"text-align: justify;\">Les techniciens et ing\u00e9nieurs de Nad Systems disposent de comp\u00e9tences pointues pour concevoir, dimensionner et d\u00e9ployer les composants r\u00e9seaux et les syst\u00e8mes en fonction des besoins exprim\u00e9s par les directions informatiques (qualit\u00e9 de service, SLA, d\u00e9bit, s\u00e9curit\u00e9, etc.).<\/p>\n<\/div><\/div><style type=\"text\/css\">.fusion-body .fusion-builder-column-3{width:60% !important;margin-top : 0px;margin-bottom : 20px;}.fusion-builder-column-3 > .fusion-column-wrapper {padding-top : 0px !important;padding-right : 0px !important;margin-right : 3.2%;padding-bottom : 0px !important;padding-left : 0px !important;margin-left : 3.2%;}@media only screen and (max-width:1024px) {.fusion-body .fusion-builder-column-3{width:100% !important;order : 0;}.fusion-builder-column-3 > .fusion-column-wrapper {margin-right : 1.92%;margin-left : 1.92%;}}@media only screen and (max-width:640px) {.fusion-body .fusion-builder-column-3{width:100% !important;order : 0;}.fusion-builder-column-3 > .fusion-column-wrapper {margin-right : 1.92%;margin-left : 1.92%;}}<\/style><\/div><div class=\"fusion-layout-column fusion_builder_column fusion-builder-column-4 fusion_builder_column_3_5 3_5 fusion-flex-column\"><div class=\"fusion-column-wrapper fusion-flex-justify-content-flex-start fusion-content-layout-column\" style=\"background-position:left top;background-repeat:no-repeat;-webkit-background-size:cover;-moz-background-size:cover;-o-background-size:cover;background-size:cover;padding: 0px 0px 0px 0px;\"><div class=\"fusion-text fusion-text-3\" style=\"color:#000000;\"><p style=\"text-align: justify;\">Cette expertise leur permet \u00e9galement d&rsquo;assurer la prise en charge compl\u00e8te de l&rsquo;exploitation des infrastructures syst\u00e8mes et r\u00e9seaux des clients de Nad Systems et de maintenir ainsi les niveaux de performance et de disponibilit\u00e9 d\u00e9finis avec les DSI.<\/p>\n<p style=\"text-align: justify;\">Ce savoir-faire permet \u00e0 Nad Systems de garantir \u00e0 ses clients une \u00e9volution coh\u00e9rente de leur syst\u00e8me d&rsquo;information.<\/p>\n<\/div><div class=\"fusion-text fusion-text-4\" style=\"font-size:30px;color:#000000;margin-top:30px;\"><h4><strong><span style=\"color: #4eba46;\">Vous avez un projet d&rsquo;\u00e9volution de vos infrastructures ?<\/span><\/strong><\/h4>\n<h4><strong><span style=\"color: #4eba46;\">Vous souhaitez d\u00e9couvrir nos offres ?<\/span><\/strong><\/h4>\n<h4><strong><span style=\"color: #4eba46;\">N&rsquo;h\u00e9sitez pas \u00e0 nous contacter<\/span><\/strong><\/h4>\n<\/div><div style=\"text-align:center;\"><style>.fusion-button.button-1 .fusion-button-text{color:#4eba46;text-transform:none;}.fusion-button.button-1 i{color:#4eba46;}.fusion-button.button-1{border-color:#4eba46;border-width:1px 1px 1px 1px;border-radius:30px 30px 30px 30px;background:#f9fafb;font-family:Arial, Helvetica, sans-serif;font-weight:700;}.fusion-button.button-1:hover .fusion-button-text,.fusion-button.button-1:hover i,.fusion-button.button-1:focus .fusion-button-text,.fusion-button.button-1:focus i,.fusion-button.button-1:active .fusion-button-text,.fusion-button.button-1:active i{color:#ffffff;}.fusion-button.button-1:hover,.fusion-button.button-1:active,.fusion-button.button-1:focus{border-color:#4eba46;border-width:1px 1px 1px 1px;background:#4eba46;}<\/style><a class=\"fusion-button button-flat button-large button-custom button-1 fusion-button-span-no \" target=\"_self\" href=\"https:\/\/www.nad-systems.com\/index.php\/contact\/\" style=\"margin-top:30px;\"><span class=\"fusion-button-text\">Prendre contact<\/span><\/a><\/div><\/div><style type=\"text\/css\">.fusion-body .fusion-builder-column-4{width:60% !important;margin-top : 0px;margin-bottom : 20px;}.fusion-builder-column-4 > .fusion-column-wrapper {padding-top : 0px !important;padding-right : 0px !important;margin-right : 3.2%;padding-bottom : 0px !important;padding-left : 0px !important;margin-left : 3.2%;}@media only screen and (max-width:1024px) {.fusion-body .fusion-builder-column-4{width:100% !important;order : 0;}.fusion-builder-column-4 > .fusion-column-wrapper {margin-right : 1.92%;margin-left : 1.92%;}}@media only screen and (max-width:640px) {.fusion-body .fusion-builder-column-4{width:100% !important;order : 0;}.fusion-builder-column-4 > .fusion-column-wrapper {margin-right : 1.92%;margin-left : 1.92%;}}<\/style><\/div><div class=\"fusion-layout-column fusion_builder_column fusion-builder-column-5 fusion_builder_column_2_5 2_5 fusion-flex-column\"><div class=\"fusion-column-wrapper fusion-flex-justify-content-flex-start fusion-content-layout-column\" style=\"background-position:left top;background-repeat:no-repeat;-webkit-background-size:cover;-moz-background-size:cover;-o-background-size:cover;background-size:cover;padding: 0px 0px 0px 0px;\"><div ><span class=\" fusion-imageframe imageframe-none imageframe-2 hover-type-none\"><img width=\"1707\" height=\"2560\" alt=\"Nad Systems Syst\u00e8mes et R\u00e9seaux\" title=\"Nad Systems Syst\u00e8mes et R\u00e9seaux\" src=\"http:\/\/nad-systems.fr\/wp-content\/uploads\/2022\/01\/Nad-Systems-Systemes-et-Reseaux-scaled.jpg\" class=\"img-responsive wp-image-12446\" srcset=\"https:\/\/nad-systems.fr\/wp-content\/uploads\/2022\/01\/Nad-Systems-Systemes-et-Reseaux-200x300.jpg 200w, https:\/\/nad-systems.fr\/wp-content\/uploads\/2022\/01\/Nad-Systems-Systemes-et-Reseaux-400x600.jpg 400w, https:\/\/nad-systems.fr\/wp-content\/uploads\/2022\/01\/Nad-Systems-Systemes-et-Reseaux-600x900.jpg 600w, https:\/\/nad-systems.fr\/wp-content\/uploads\/2022\/01\/Nad-Systems-Systemes-et-Reseaux-800x1200.jpg 800w, https:\/\/nad-systems.fr\/wp-content\/uploads\/2022\/01\/Nad-Systems-Systemes-et-Reseaux-1200x1800.jpg 1200w, https:\/\/nad-systems.fr\/wp-content\/uploads\/2022\/01\/Nad-Systems-Systemes-et-Reseaux-scaled.jpg 1707w\" sizes=\"(max-width: 1024px) 100vw, (max-width: 640px) 100vw, 600px\" \/><\/span><\/div><\/div><style type=\"text\/css\">.fusion-body .fusion-builder-column-5{width:40% !important;margin-top : 0px;margin-bottom : 20px;}.fusion-builder-column-5 > .fusion-column-wrapper {padding-top : 0px !important;padding-right : 0px !important;margin-right : 4.8%;padding-bottom : 0px !important;padding-left : 0px !important;margin-left : 4.8%;}@media only screen and (max-width:1024px) {.fusion-body .fusion-builder-column-5{width:100% !important;order : 0;}.fusion-builder-column-5 > .fusion-column-wrapper {margin-right : 1.92%;margin-left : 1.92%;}}@media only screen and (max-width:640px) {.fusion-body .fusion-builder-column-5{width:100% !important;order : 0;}.fusion-builder-column-5 > .fusion-column-wrapper {margin-right : 1.92%;margin-left : 1.92%;}}<\/style><\/div><\/div><style type=\"text\/css\">.fusion-body .fusion-flex-container.fusion-builder-row-3{ padding-top : 0px;margin-top : 0px;padding-right : 0px;padding-bottom : 0px;margin-bottom : 0px;padding-left : 0px;}<\/style><\/div><\/p>\n","protected":false},"excerpt":{"rendered":"","protected":false},"author":1,"featured_media":0,"parent":0,"menu_order":0,"comment_status":"closed","ping_status":"closed","template":"","meta":[],"_links":{"self":[{"href":"https:\/\/www.nad-systems.com\/index.php\/wp-json\/wp\/v2\/pages\/12419"}],"collection":[{"href":"https:\/\/www.nad-systems.com\/index.php\/wp-json\/wp\/v2\/pages"}],"about":[{"href":"https:\/\/www.nad-systems.com\/index.php\/wp-json\/wp\/v2\/types\/page"}],"author":[{"embeddable":true,"href":"https:\/\/www.nad-systems.com\/index.php\/wp-json\/wp\/v2\/users\/1"}],"replies":[{"embeddable":true,"href":"https:\/\/www.nad-systems.com\/index.php\/wp-json\/wp\/v2\/comments?post=12419"}],"version-history":[{"count":19,"href":"https:\/\/www.nad-systems.com\/index.php\/wp-json\/wp\/v2\/pages\/12419\/revisions"}],"predecessor-version":[{"id":12538,"href":"https:\/\/www.nad-systems.com\/index.php\/wp-json\/wp\/v2\/pages\/12419\/revisions\/12538"}],"wp:attachment":[{"href":"https:\/\/www.nad-systems.com\/index.php\/wp-json\/wp\/v2\/media?parent=12419"}],"curies":[{"name":"wp","href":"https:\/\/api.w.org\/{rel}","templated":true}]}}