{"id":12429,"date":"2022-01-18T10:46:49","date_gmt":"2022-01-18T09:46:49","guid":{"rendered":"http:\/\/www.nad-systems.com\/?page_id=12429"},"modified":"2022-02-21T15:04:03","modified_gmt":"2022-02-21T14:04:03","slug":"securite-safety","status":"publish","type":"page","link":"https:\/\/www.nad-systems.com\/index.php\/securite-safety\/","title":{"rendered":"S\u00e9curit\u00e9 &#038; Safety"},"content":{"rendered":"<p><div class=\"fusion-fullwidth fullwidth-box fusion-builder-row-1 fusion-flex-container nonhundred-percent-fullwidth non-hundred-percent-height-scrolling\" style=\"background-color: rgba(255,255,255,0);background-position: center center;background-repeat: no-repeat;border-width: 0px 0px 0px 0px;border-color:rgba(97,158,133,0);border-style:solid;\" ><div class=\"fusion-builder-row fusion-row fusion-flex-align-items-flex-start\" style=\"max-width:1216.8px;margin-left: calc(-4% \/ 2 );margin-right: calc(-4% \/ 2 );\"><div class=\"fusion-layout-column fusion_builder_column fusion-builder-column-0 fusion_builder_column_1_1 1_1 fusion-flex-column\"><div class=\"fusion-column-wrapper fusion-flex-justify-content-flex-start fusion-content-layout-column\" style=\"background-position:left top;background-repeat:no-repeat;-webkit-background-size:cover;-moz-background-size:cover;-o-background-size:cover;background-size:cover;padding: 0px 0px 0px 0px;\"><div class=\"fusion-text fusion-text-1\" style=\"color:#0183aa;\"><h1><strong><span style=\"color: #0183aa;\">S\u00e9curit\u00e9 &amp; Safety<\/span><\/strong><\/h1>\n<\/div><\/div><style type=\"text\/css\">.fusion-body .fusion-builder-column-0{width:100% !important;margin-top : 0px;margin-bottom : 20px;}.fusion-builder-column-0 > .fusion-column-wrapper {padding-top : 0px !important;padding-right : 0px !important;margin-right : 1.92%;padding-bottom : 0px !important;padding-left : 0px !important;margin-left : 1.92%;}@media only screen and (max-width:1024px) {.fusion-body .fusion-builder-column-0{width:100% !important;order : 0;}.fusion-builder-column-0 > .fusion-column-wrapper {margin-right : 1.92%;margin-left : 1.92%;}}@media only screen and (max-width:640px) {.fusion-body .fusion-builder-column-0{width:100% !important;order : 0;}.fusion-builder-column-0 > .fusion-column-wrapper {margin-right : 1.92%;margin-left : 1.92%;}}<\/style><\/div><\/div><style type=\"text\/css\">.fusion-body .fusion-flex-container.fusion-builder-row-1{ padding-top : 0px;margin-top : 0px;padding-right : 0px;padding-bottom : 0px;margin-bottom : 0px;padding-left : 0px;}<\/style><\/div><div class=\"fusion-fullwidth fullwidth-box fusion-builder-row-2 fusion-flex-container nonhundred-percent-fullwidth non-hundred-percent-height-scrolling\" style=\"background-color: rgba(255,255,255,0);background-position: center center;background-repeat: no-repeat;border-width: 0px 0px 0px 0px;border-color:rgba(97,158,133,0);border-style:solid;\" ><div class=\"fusion-builder-row fusion-row fusion-flex-align-items-flex-start\" style=\"max-width:1216.8px;margin-left: calc(-4% \/ 2 );margin-right: calc(-4% \/ 2 );\"><div class=\"fusion-layout-column fusion_builder_column fusion-builder-column-1 fusion_builder_column_1_1 1_1 fusion-flex-column\"><div class=\"fusion-column-wrapper fusion-flex-justify-content-flex-start fusion-content-layout-column\" style=\"background-position:left top;background-repeat:no-repeat;-webkit-background-size:cover;-moz-background-size:cover;-o-background-size:cover;background-size:cover;padding: 0px 0px 0px 0px;\"><div class=\"fusion-separator fusion-full-width-sep\" style=\"align-self: center;margin-left: auto;margin-right: auto;width:100%;\"><div class=\"fusion-separator-border sep-single sep-solid\" style=\"border-color:#e0e0e0;border-top-width:1px;\"><\/div><\/div><\/div><style type=\"text\/css\">.fusion-body .fusion-builder-column-1{width:100% !important;margin-top : 0px;margin-bottom : 20px;}.fusion-builder-column-1 > .fusion-column-wrapper {padding-top : 0px !important;padding-right : 0px !important;margin-right : 1.92%;padding-bottom : 0px !important;padding-left : 0px !important;margin-left : 1.92%;}@media only screen and (max-width:1024px) {.fusion-body .fusion-builder-column-1{width:100% !important;order : 0;}.fusion-builder-column-1 > .fusion-column-wrapper {margin-right : 1.92%;margin-left : 1.92%;}}@media only screen and (max-width:640px) {.fusion-body .fusion-builder-column-1{width:100% !important;order : 0;}.fusion-builder-column-1 > .fusion-column-wrapper {margin-right : 1.92%;margin-left : 1.92%;}}<\/style><\/div><\/div><style type=\"text\/css\">.fusion-body .fusion-flex-container.fusion-builder-row-2{ padding-top : 0px;margin-top : 0px;padding-right : 0px;padding-bottom : 0px;margin-bottom : 0px;padding-left : 0px;}<\/style><\/div><div class=\"fusion-fullwidth fullwidth-box fusion-builder-row-3 fusion-flex-container nonhundred-percent-fullwidth non-hundred-percent-height-scrolling\" style=\"background-color: rgba(255,255,255,0);background-position: center center;background-repeat: no-repeat;border-width: 0px 0px 0px 0px;border-color:rgba(97,158,133,0);border-style:solid;\" ><div class=\"fusion-builder-row fusion-row fusion-flex-align-items-flex-start\" style=\"max-width:1216.8px;margin-left: calc(-4% \/ 2 );margin-right: calc(-4% \/ 2 );\"><div class=\"fusion-layout-column fusion_builder_column fusion-builder-column-2 fusion_builder_column_2_5 2_5 fusion-flex-column\"><div class=\"fusion-column-wrapper fusion-flex-justify-content-flex-start fusion-content-layout-column\" style=\"background-position:left top;background-repeat:no-repeat;-webkit-background-size:cover;-moz-background-size:cover;-o-background-size:cover;background-size:cover;padding: 0px 0px 0px 0px;\"><div ><span class=\" fusion-imageframe imageframe-none imageframe-1 hover-type-none\"><img width=\"2560\" height=\"1707\" alt=\"Nad Systems S\u00e9curit\u00e9\" title=\"Nad Systems S\u00e9curit\u00e9\" src=\"http:\/\/nad-systems.fr\/wp-content\/uploads\/2022\/01\/Nad-Systems-Securite-scaled.jpg\" class=\"img-responsive wp-image-12451\" srcset=\"https:\/\/nad-systems.fr\/wp-content\/uploads\/2022\/01\/Nad-Systems-Securite-200x133.jpg 200w, https:\/\/nad-systems.fr\/wp-content\/uploads\/2022\/01\/Nad-Systems-Securite-400x267.jpg 400w, https:\/\/nad-systems.fr\/wp-content\/uploads\/2022\/01\/Nad-Systems-Securite-600x400.jpg 600w, https:\/\/nad-systems.fr\/wp-content\/uploads\/2022\/01\/Nad-Systems-Securite-800x533.jpg 800w, https:\/\/nad-systems.fr\/wp-content\/uploads\/2022\/01\/Nad-Systems-Securite-1200x800.jpg 1200w, https:\/\/nad-systems.fr\/wp-content\/uploads\/2022\/01\/Nad-Systems-Securite-scaled.jpg 2560w\" sizes=\"(max-width: 1024px) 100vw, (max-width: 640px) 100vw, 600px\" \/><\/span><\/div><\/div><style type=\"text\/css\">.fusion-body .fusion-builder-column-2{width:40% !important;margin-top : 0px;margin-bottom : 20px;}.fusion-builder-column-2 > .fusion-column-wrapper {padding-top : 0px !important;padding-right : 0px !important;margin-right : 4.8%;padding-bottom : 0px !important;padding-left : 0px !important;margin-left : 4.8%;}@media only screen and (max-width:1024px) {.fusion-body .fusion-builder-column-2{width:100% !important;order : 0;}.fusion-builder-column-2 > .fusion-column-wrapper {margin-right : 1.92%;margin-left : 1.92%;}}@media only screen and (max-width:640px) {.fusion-body .fusion-builder-column-2{width:100% !important;order : 0;}.fusion-builder-column-2 > .fusion-column-wrapper {margin-right : 1.92%;margin-left : 1.92%;}}<\/style><\/div><div class=\"fusion-layout-column fusion_builder_column fusion-builder-column-3 fusion_builder_column_3_5 3_5 fusion-flex-column\"><div class=\"fusion-column-wrapper fusion-flex-justify-content-flex-start fusion-content-layout-column\" style=\"background-position:left top;background-repeat:no-repeat;-webkit-background-size:cover;-moz-background-size:cover;-o-background-size:cover;background-size:cover;padding: 0px 0px 0px 0px;\"><div class=\"fusion-text fusion-text-2\" style=\"color:#000000;\"><p style=\"text-align: justify;\">La s\u00e9curit\u00e9 des syst\u00e8mes d&rsquo;information repr\u00e9sente un enjeu critique pour chaque entreprise, tant la d\u00e9pendance aux applications informatiques et aux infrastructures qui en permettent le fonctionnement est forte. Les menaces sont de plus en plus nombreuses, de plus en plus sophistiqu\u00e9es et n\u00e9cessitent une comp\u00e9tence de haut niveau pour maintenir les syst\u00e8mes d&rsquo;information en capacit\u00e9 de parer aux attaques dont ils sont l&rsquo;objet.<\/p>\n<p style=\"text-align: justify;\">Nad Systems dispose d&rsquo;un tr\u00e8s haut niveau d&rsquo;expertise en mati\u00e8re de s\u00e9curit\u00e9 des syst\u00e8mes d&rsquo;information. Ces comp\u00e9tences sont mises en \u0153uvre \u00e0 chaque \u00e9tape de nos interventions, tant lors de la conception des infrastructures que lors de leur d\u00e9ploiement ou de leur exploitation.<\/p>\n<\/div><\/div><style type=\"text\/css\">.fusion-body .fusion-builder-column-3{width:60% !important;margin-top : 0px;margin-bottom : 20px;}.fusion-builder-column-3 > .fusion-column-wrapper {padding-top : 0px !important;padding-right : 0px !important;margin-right : 3.2%;padding-bottom : 0px !important;padding-left : 0px !important;margin-left : 3.2%;}@media only screen and (max-width:1024px) {.fusion-body .fusion-builder-column-3{width:100% !important;order : 0;}.fusion-builder-column-3 > .fusion-column-wrapper {margin-right : 1.92%;margin-left : 1.92%;}}@media only screen and (max-width:640px) {.fusion-body .fusion-builder-column-3{width:100% !important;order : 0;}.fusion-builder-column-3 > .fusion-column-wrapper {margin-right : 1.92%;margin-left : 1.92%;}}<\/style><\/div><div class=\"fusion-layout-column fusion_builder_column fusion-builder-column-4 fusion_builder_column_3_5 3_5 fusion-flex-column\"><div class=\"fusion-column-wrapper fusion-flex-justify-content-flex-start fusion-content-layout-column\" style=\"background-position:left top;background-repeat:no-repeat;-webkit-background-size:cover;-moz-background-size:cover;-o-background-size:cover;background-size:cover;padding: 0px 0px 0px 0px;\"><div class=\"fusion-text fusion-text-3\" style=\"color:#000000;\"><p style=\"text-align: justify;\">Nad Systems d\u00e9ploie \u00e9galement des comp\u00e9tences en mati\u00e8re de safety, c&rsquo;est-\u00e0-dire de maintien en conditions op\u00e9rationnelles des syst\u00e8mes d&rsquo;information de ses clients.<\/p>\n<p style=\"text-align: justify;\">La safety se traduit par de la redondance de serveurs, de liaisons, par la s\u00e9curisation des sauvegardes, la r\u00e9daction de PRA (Plan de Reprise d&rsquo;Activit\u00e9), etc. L&rsquo;objectif est de permettre \u00e0 l&rsquo;entreprise de reprendre ses activit\u00e9s le plus rapidement possible apr\u00e8s un incident (perte de donn\u00e9es, panne serveur, incendie, etc.).<\/p>\n<\/div><div class=\"fusion-text fusion-text-4\" style=\"font-size:30px;color:#000000;margin-top:30px;\"><h4><strong><span style=\"color: #4eba46;\">Vous avez un besoin en mati\u00e8re de s\u00e9curit\u00e9 ou de safety ?<\/span><\/strong><\/h4>\n<h4><strong><span style=\"color: #4eba46;\">Vous souhaitez d\u00e9couvrir nos offres ?<\/span><\/strong><\/h4>\n<h4><strong><span style=\"color: #4eba46;\">N&rsquo;h\u00e9sitez pas \u00e0 nous contacter<\/span><\/strong><\/h4>\n<\/div><div style=\"text-align:center;\"><style>.fusion-button.button-1 .fusion-button-text{color:#4eba46;text-transform:none;}.fusion-button.button-1 i{color:#4eba46;}.fusion-button.button-1{border-color:#4eba46;border-width:1px 1px 1px 1px;border-radius:30px 30px 30px 30px;background:#f9fafb;font-family:Arial, Helvetica, sans-serif;font-weight:700;}.fusion-button.button-1:hover .fusion-button-text,.fusion-button.button-1:hover i,.fusion-button.button-1:focus .fusion-button-text,.fusion-button.button-1:focus i,.fusion-button.button-1:active .fusion-button-text,.fusion-button.button-1:active i{color:#ffffff;}.fusion-button.button-1:hover,.fusion-button.button-1:active,.fusion-button.button-1:focus{border-color:#4eba46;border-width:1px 1px 1px 1px;background:#4eba46;}<\/style><a class=\"fusion-button button-flat button-large button-custom button-1 fusion-button-span-no \" target=\"_self\" href=\"https:\/\/www.nad-systems.com\/index.php\/contact\/\" style=\"margin-top:30px;\"><span class=\"fusion-button-text\">Prendre contact<\/span><\/a><\/div><\/div><style type=\"text\/css\">.fusion-body .fusion-builder-column-4{width:60% !important;margin-top : 0px;margin-bottom : 20px;}.fusion-builder-column-4 > .fusion-column-wrapper {padding-top : 0px !important;padding-right : 0px !important;margin-right : 3.2%;padding-bottom : 0px !important;padding-left : 0px !important;margin-left : 3.2%;}@media only screen and (max-width:1024px) {.fusion-body .fusion-builder-column-4{width:100% !important;order : 0;}.fusion-builder-column-4 > .fusion-column-wrapper {margin-right : 1.92%;margin-left : 1.92%;}}@media only screen and (max-width:640px) {.fusion-body .fusion-builder-column-4{width:100% !important;order : 0;}.fusion-builder-column-4 > .fusion-column-wrapper {margin-right : 1.92%;margin-left : 1.92%;}}<\/style><\/div><div class=\"fusion-layout-column fusion_builder_column fusion-builder-column-5 fusion_builder_column_2_5 2_5 fusion-flex-column\"><div class=\"fusion-column-wrapper fusion-flex-justify-content-flex-start fusion-content-layout-column\" style=\"background-position:left top;background-repeat:no-repeat;-webkit-background-size:cover;-moz-background-size:cover;-o-background-size:cover;background-size:cover;padding: 0px 0px 0px 0px;\"><div ><span class=\" fusion-imageframe imageframe-none imageframe-2 hover-type-none\"><img width=\"1708\" height=\"2560\" alt=\"Nad Systems Safety\" title=\"Nad Systems Safety\" src=\"http:\/\/nad-systems.fr\/wp-content\/uploads\/2022\/01\/Nad-Systems-Safety-scaled.jpg\" class=\"img-responsive wp-image-12456\" srcset=\"https:\/\/nad-systems.fr\/wp-content\/uploads\/2022\/01\/Nad-Systems-Safety-200x300.jpg 200w, https:\/\/nad-systems.fr\/wp-content\/uploads\/2022\/01\/Nad-Systems-Safety-400x600.jpg 400w, https:\/\/nad-systems.fr\/wp-content\/uploads\/2022\/01\/Nad-Systems-Safety-600x900.jpg 600w, https:\/\/nad-systems.fr\/wp-content\/uploads\/2022\/01\/Nad-Systems-Safety-800x1199.jpg 800w, https:\/\/nad-systems.fr\/wp-content\/uploads\/2022\/01\/Nad-Systems-Safety-1200x1799.jpg 1200w, https:\/\/nad-systems.fr\/wp-content\/uploads\/2022\/01\/Nad-Systems-Safety-scaled.jpg 1708w\" sizes=\"(max-width: 1024px) 100vw, (max-width: 640px) 100vw, 600px\" \/><\/span><\/div><\/div><style type=\"text\/css\">.fusion-body .fusion-builder-column-5{width:40% !important;margin-top : 0px;margin-bottom : 20px;}.fusion-builder-column-5 > .fusion-column-wrapper {padding-top : 0px !important;padding-right : 0px !important;margin-right : 4.8%;padding-bottom : 0px !important;padding-left : 0px !important;margin-left : 4.8%;}@media only screen and (max-width:1024px) {.fusion-body .fusion-builder-column-5{width:100% !important;order : 0;}.fusion-builder-column-5 > .fusion-column-wrapper {margin-right : 1.92%;margin-left : 1.92%;}}@media only screen and (max-width:640px) {.fusion-body .fusion-builder-column-5{width:100% !important;order : 0;}.fusion-builder-column-5 > .fusion-column-wrapper {margin-right : 1.92%;margin-left : 1.92%;}}<\/style><\/div><\/div><style type=\"text\/css\">.fusion-body .fusion-flex-container.fusion-builder-row-3{ padding-top : 0px;margin-top : 0px;padding-right : 0px;padding-bottom : 0px;margin-bottom : 0px;padding-left : 0px;}<\/style><\/div><\/p>\n","protected":false},"excerpt":{"rendered":"","protected":false},"author":1,"featured_media":0,"parent":0,"menu_order":0,"comment_status":"closed","ping_status":"closed","template":"","meta":[],"_links":{"self":[{"href":"https:\/\/www.nad-systems.com\/index.php\/wp-json\/wp\/v2\/pages\/12429"}],"collection":[{"href":"https:\/\/www.nad-systems.com\/index.php\/wp-json\/wp\/v2\/pages"}],"about":[{"href":"https:\/\/www.nad-systems.com\/index.php\/wp-json\/wp\/v2\/types\/page"}],"author":[{"embeddable":true,"href":"https:\/\/www.nad-systems.com\/index.php\/wp-json\/wp\/v2\/users\/1"}],"replies":[{"embeddable":true,"href":"https:\/\/www.nad-systems.com\/index.php\/wp-json\/wp\/v2\/comments?post=12429"}],"version-history":[{"count":11,"href":"https:\/\/www.nad-systems.com\/index.php\/wp-json\/wp\/v2\/pages\/12429\/revisions"}],"predecessor-version":[{"id":12523,"href":"https:\/\/www.nad-systems.com\/index.php\/wp-json\/wp\/v2\/pages\/12429\/revisions\/12523"}],"wp:attachment":[{"href":"https:\/\/www.nad-systems.com\/index.php\/wp-json\/wp\/v2\/media?parent=12429"}],"curies":[{"name":"wp","href":"https:\/\/api.w.org\/{rel}","templated":true}]}}